{"id":5345,"date":"2017-03-20T16:32:15","date_gmt":"2017-03-20T15:32:15","guid":{"rendered":"http:\/\/piscinasnorgalicia.com\/pt-pt\/?page_id=5345"},"modified":"2025-06-02T10:15:30","modified_gmt":"2025-06-02T08:15:30","slug":"inicio-pt","status":"publish","type":"page","link":"https:\/\/piscinasnorgalicia.com\/pt-pt\/","title":{"rendered":"Inicio PT"},"content":{"rendered":"<p>[vc_row full_width=&#8221;stretch_row&#8221; full_height=&#8221;threequarter_row_height&#8221; v_position=&#8221;top&#8221; slider_animation=&#8221;fadeZoom&#8221; css=&#8221;.vc_custom_1488788946529{background-image: url(http:\/\/piscinasnorgalicia.com\/wp-content\/uploads\/2017\/02\/norgalicia-home.jpg?id=4962) !important;background-position: center !important;background-repeat: no-repeat !important;background-size: cover !important;}&#8221; font_color=&#8221;#ffffff&#8221;][vc_column][vc_row_inner css=&#8221;.vc_custom_1474973667872{padding-bottom: 30px !important;}&#8221;][vc_column_inner][vc_column_text]<\/p>\n<h1 style=\"text-align: center;\"><span class=\"medium-text\" style=\"color: #efefef;\">Piscinas Norgalicia<\/span><\/h1>\n<h2 style=\"text-align: center;\"><span style=\"color: #efefef;\">Fabricamos piscinas de fibra para toda a Espanha e Portugal<\/span><\/h2>\n<p>[\/vc_column_text][\/vc_column_inner][\/vc_row_inner][vc_row_inner css=&#8221;.vc_custom_1486652839655{padding-top: 0px !important;}&#8221; el_class=&#8221;fila-oculta&#8221;][vc_column_inner width=&#8221;1\/2&#8243; offset=&#8221;vc_col-lg-offset-3 vc_col-lg-3&#8243;][vc_btn title=&#8221;VIEW DEMOS&#8221; style=&#8221;flat&#8221; align=&#8221;center&#8221; button_block=&#8221;true&#8221; link=&#8221;url:%23demos||&#8221;][\/vc_column_inner][vc_column_inner width=&#8221;1\/2&#8243; offset=&#8221;vc_col-lg-3&#8243;][vc_btn title=&#8221;WHY YOU?&#8221; style=&#8221;outline&#8221; color=&#8221;white&#8221; align=&#8221;center&#8221; button_block=&#8221;true&#8221; link=&#8221;url:%23whychooseyou|||&#8221;][\/vc_column_inner][\/vc_row_inner][rowshape type=&#8221;rowshape_6&#8243; position=&#8221;bottom&#8221; height=&#8221;140&#8243; color=&#8221;#ffffff&#8221;][\/vc_column][\/vc_row][vc_row full_width=&#8221;stretch_row&#8221; v_position=&#8221;top&#8221; css=&#8221;.vc_custom_1484675326022{padding-top: 60px !important;padding-bottom: 60px !important;}&#8221;][vc_column offset=&#8221;vc_col-lg-offset-1 vc_col-lg-10&#8243;][vc_column_text]<\/p>\n<h1 style=\"text-align: center;\"><span class=\"text_linkhovercolor\">Piscinas Norgalicia<\/span><\/h1>\n<p>[\/vc_column_text][vc_row_inner][vc_column_inner width=&#8221;1\/3&#8243;][\/vc_column_inner][vc_column_inner width=&#8221;1\/3&#8243;][vc_separator border_width=&#8221;4&#8243; el_width=&#8221;20&#8243; css=&#8221;.vc_custom_1484647417746{margin-bottom: 4px !important;}&#8221;][\/vc_column_inner][vc_column_inner width=&#8221;1\/3&#8243;][\/vc_column_inner][\/vc_row_inner][vc_column_text]<\/p>\n<h3 style=\"text-align: center;\">Fabricamos piscinas de poli\u00e9ster refor\u00e7ado<\/h3>\n<p>[\/vc_column_text][vc_icon type=&#8221;nucleo_outline&#8221; icon_nucleo_outline=&#8221;nc-icon-outline arrows-1_circle-down-40&#8243; color=&#8221;custom&#8221; size=&#8221;xl&#8221; align=&#8221;center&#8221; css_animation=&#8221;fadeInDown&#8221; css=&#8221;.vc_custom_1486576991227{margin-top: 30px !important;}&#8221; custom_color=&#8221;#36b2db&#8221; link=&#8221;|||&#8221;][\/vc_column][\/vc_row][vc_row css=&#8221;.vc_custom_1487352971790{padding-bottom: 100px !important;}&#8221;][vc_column width=&#8221;1\/3&#8243;][vc_icon type=&#8221;nucleo_outline&#8221; icon_nucleo_outline=&#8221;nc-icon-outline business_award-48&#8243; color=&#8221;custom&#8221; size=&#8221;lg&#8221; css_animation=&#8221;slideInRight&#8221; custom_color=&#8221;#35c1db&#8221;][vc_empty_space height=&#8221;15px&#8221;][vc_column_text]<\/p>\n<h3>A m\u00e1xima qualidade<\/h3>\n<p class=\"p1\" style=\"text-align: justify;\">Somos muito exigentes e garantimos a melhor qualidade, trabalhando sempre com os materiais mais exclusivos no mercado.<\/p>\n<p>[\/vc_column_text][\/vc_column][vc_column width=&#8221;1\/3&#8243;][vc_icon type=&#8221;nucleo_outline&#8221; icon_nucleo_outline=&#8221;nc-icon-outline users_multiple-19&#8243; color=&#8221;custom&#8221; size=&#8221;lg&#8221; css_animation=&#8221;slideInRight&#8221; custom_color=&#8221;#35c1db&#8221;][vc_empty_space height=&#8221;15px&#8221;][vc_column_text]<\/p>\n<h3>A melhor equipa na \u00e1rea<\/h3>\n<p class=\"p1\" style=\"text-align: justify;\">Contamos com uma equipa totalmente especializada que trabalha diariamente para satisfazer as necessidades dos nossos clientes.<\/p>\n<p>[\/vc_column_text][\/vc_column][vc_column width=&#8221;1\/3&#8243;][vc_icon type=&#8221;nucleo_outline&#8221; icon_nucleo_outline=&#8221;nc-icon-outline emoticons_like&#8221; color=&#8221;custom&#8221; size=&#8221;lg&#8221; css_animation=&#8221;slideInRight&#8221; link=&#8221;||target:%20_blank|&#8221; custom_color=&#8221;#35c1db&#8221;][vc_empty_space height=&#8221;15px&#8221;][vc_column_text]<\/p>\n<h3>O pre\u00e7o mais competitivo<\/h3>\n<p class=\"p1\" style=\"text-align: justify;\">Oferecemos sempre os melhores pre\u00e7os do mercado. N\u00e3o valorizamos o custo que acarretam os nossos produtos, mas sim a qualidade dos mesmos.<\/p>\n<p>[\/vc_column_text][\/vc_column][\/vc_row][vc_row full_width=&#8221;stretch_row&#8221; v_position=&#8221;top&#8221; css=&#8221;.vc_custom_1488788965802{padding-top: 120px !important;padding-bottom: 120px !important;background-image: url(http:\/\/piscinasnorgalicia.com\/wp-content\/uploads\/2017\/02\/norgalicia-home.jpg?id=4962) !important;}&#8221;][vc_column][rowshape type=&#8221;rowshape_5&#8243; color=&#8221;#ffffff&#8221;][vc_column_text]<\/p>\n<p style=\"text-align: center;\"><strong><span class=\"medium-text\" style=\"color: #ffffff;\">Se quiser consultar os nossos modelos de piscinas ou ver como poderiam ficar em sua casa, clique nas seguintes op\u00e7\u00f5es<\/span><\/strong><\/p>\n<p>[\/vc_column_text][vc_row_inner css=&#8221;.vc_custom_1487347434023{padding-right: 100px !important;padding-left: 100px !important;}&#8221;][vc_column_inner width=&#8221;1\/3&#8243;][vc_btn title=&#8221;NOSSO CAT\u00c1LOGO&#8221; style=&#8221;outline&#8221; color=&#8221;white&#8221; align=&#8221;center&#8221; css_animation=&#8221;slideInLeft&#8221; link=&#8221;url:%2Fcatalogo%2F|||&#8221;][\/vc_column_inner][vc_column_inner width=&#8221;1\/3&#8243;][vc_btn title=&#8221;PISCINAS ACABADAS&#8221; style=&#8221;outline&#8221; color=&#8221;white&#8221; align=&#8221;center&#8221; css_animation=&#8221;pulse&#8221; link=&#8221;url:%2Fpiscinas-terminadas%2F|||&#8221;][\/vc_column_inner][vc_column_inner width=&#8221;1\/3&#8243;][vc_btn title=&#8221;NOVIDADES&#8221; style=&#8221;outline&#8221; color=&#8221;white&#8221; align=&#8221;center&#8221; css_animation=&#8221;slideInRight&#8221; link=&#8221;url:%2Fnovedades%2F|||&#8221;][\/vc_column_inner][\/vc_row_inner][rowshape type=&#8221;rowshape_5&#8243; position=&#8221;bottom&#8221; color=&#8221;#ffffff&#8221;][\/vc_column][\/vc_row][vc_row full_width=&#8221;stretch_row&#8221; css=&#8221;.vc_custom_1486578210392{padding-top: 60px !important;padding-bottom: 60px !important;}&#8221;][vc_column][vc_column_text]<\/p>\n<h2 style=\"text-align: center;\"><span class=\"text_linkhovercolor\">Os nossos trabalhos mais recentes<\/span><\/h2>\n<p>[\/vc_column_text][vc_row_inner][vc_column_inner width=&#8221;1\/3&#8243;][\/vc_column_inner][vc_column_inner width=&#8221;1\/3&#8243;][vc_separator border_width=&#8221;4&#8243; el_width=&#8221;20&#8243; css=&#8221;.vc_custom_1467738037088{margin-top: 5px !important;}&#8221;][\/vc_column_inner][vc_column_inner width=&#8221;1\/3&#8243;][\/vc_column_inner][\/vc_row_inner][vc_column_text]<\/p>\n<p style=\"text-align: center;\"><span class=\"medium-text\">Estes s\u00e3o os \u00faltimos modelos instalados pelos nossos revendedores, de forma eficaz e satisfat\u00f3ria.<\/span><\/p>\n<p style=\"text-align: center;\"><span class=\"medium-text\">Devido ao excelente trabalho de toda a equipa, novas fam\u00edlias desfrutam agora da sua piscina.<\/span><\/p>\n<p>[\/vc_column_text][vc_row_inner][vc_column_inner offset=&#8221;vc_col-lg-offset-1 vc_col-lg-10&#8243;][postgallery_image data_source=&#8221;data-9&#8243; images_attach=&#8221;5115,5116,5117,5118,5119,5120,5121,5122,5123,5124,5125,5126,5127,5128,5129,5130,5131,5132&#8243; null=&#8221;&#8221; load_ajax=&#8221;auto_load&#8221; load_limit=&#8221;2&#8243; image_fit=&#8221;contain&#8221; ratio=&#8221;16:9&#8243; content_type=&#8221;image&#8221; lightbox=&#8221;yes&#8221; timeout=&#8221;1&#8243;][\/vc_column_inner][\/vc_row_inner][\/vc_column][\/vc_row][vc_row full_width=&#8221;stretch_row&#8221; css=&#8221;.vc_custom_1484648727063{padding-top: 60px !important;padding-bottom: 60px !important;background-color: #f4f9f9 !important;}&#8221;][vc_column][vc_column_text]<\/p>\n<h2 style=\"text-align: center;\"><span class=\"text_linkhovercolor\">Entre em contato connosco<\/span><\/h2>\n<p>[\/vc_column_text][vc_row_inner][vc_column_inner width=&#8221;1\/3&#8243;][\/vc_column_inner][vc_column_inner width=&#8221;1\/3&#8243;][vc_separator border_width=&#8221;4&#8243; el_width=&#8221;20&#8243;][\/vc_column_inner][vc_column_inner width=&#8221;1\/3&#8243;][\/vc_column_inner][\/vc_row_inner][vc_column_text]<\/p>\n<p style=\"text-align: center;\"><span class=\"medium-text\">Se tiver interesse em pedir-nos um or\u00e7amento ou se tiver alguma d\u00favida, pode usar o nosso formul\u00e1rio de contato.<\/span><\/p>\n<p>[\/vc_column_text][vc_row_inner][vc_column_inner width=&#8221;1\/6&#8243;][\/vc_column_inner][vc_column_inner width=&#8221;2\/3&#8243;]<div role=\"form\" class=\"wpcf7\" id=\"wpcf7-f5512-o1\" lang=\"es-ES\" dir=\"ltr\">\n<div class=\"screen-reader-response\"><p role=\"status\" aria-live=\"polite\" aria-atomic=\"true\"><\/p> <ul><\/ul><\/div>\n<form action=\"\/pt-pt\/wp-json\/wp\/v2\/pages\/5345#wpcf7-f5512-o1\" method=\"post\" class=\"wpcf7-form init\" novalidate=\"novalidate\" data-status=\"init\">\n<div style=\"display: none;\">\n<input type=\"hidden\" name=\"_wpcf7\" value=\"5512\" \/>\n<input type=\"hidden\" name=\"_wpcf7_version\" value=\"5.3.2\" \/>\n<input type=\"hidden\" name=\"_wpcf7_locale\" value=\"es_ES\" \/>\n<input type=\"hidden\" name=\"_wpcf7_unit_tag\" value=\"wpcf7-f5512-o1\" \/>\n<input type=\"hidden\" name=\"_wpcf7_container_post\" value=\"0\" \/>\n<input type=\"hidden\" name=\"_wpcf7_posted_data_hash\" value=\"\" \/>\n<input type=\"hidden\" name=\"_wpcf7_recaptcha_response\" value=\"\" \/>\n<\/div>\n<div class=\"row\">\n<div class=\"wpb_column vc_col-sm-6\"><span class=\"wpcf7-form-control-wrap your-name\"><input type=\"text\" name=\"your-name\" value=\"\" size=\"40\" class=\"wpcf7-form-control wpcf7-text wpcf7-validates-as-required\" aria-required=\"true\" aria-invalid=\"false\" placeholder=\"Nome *\" \/><\/span><\/div>\n<div class=\"wpb_column vc_col-sm-6\"><span class=\"wpcf7-form-control-wrap your-email\"><input type=\"email\" name=\"your-email\" value=\"\" size=\"40\" class=\"wpcf7-form-control wpcf7-text wpcf7-email wpcf7-validates-as-required wpcf7-validates-as-email\" aria-required=\"true\" aria-invalid=\"false\" placeholder=\"Email *\" \/><\/span><\/div>\n<div class=\"wpb_column vc_col-sm-12\"><span class=\"wpcf7-form-control-wrap your-subject\"><input type=\"text\" name=\"your-subject\" value=\"\" size=\"40\" class=\"wpcf7-form-control wpcf7-text wpcf7-validates-as-required\" aria-required=\"true\" aria-invalid=\"false\" placeholder=\"Assunto *\" \/><\/span><\/div>\n<div class=\"wpb_column vc_col-sm-12\"><span class=\"wpcf7-form-control-wrap your-message\"><textarea name=\"your-message\" cols=\"40\" rows=\"5\" class=\"wpcf7-form-control wpcf7-textarea\" aria-invalid=\"false\" placeholder=\"Mensagem\"><\/textarea><\/span><\/div>\n<div class=\"wpb_column vc_col-sm-12\"><span class=\"wpcf7-form-control-wrap acceptance-307\"><span class=\"wpcf7-form-control wpcf7-acceptance\"><span class=\"wpcf7-list-item\"><input type=\"checkbox\" name=\"acceptance-307\" value=\"1\" aria-invalid=\"false\" \/><\/span><\/span><\/span> Compreendo e aceito as <a href=\"\/politica-de-privacidad\" target=\"_blank\">informa\u00e7\u00f5es legais e de privacidade<\/a>.<\/div>\n<div class=\"wpb_column vc_col-sm-12\">\n\n<\/div>\n<div class=\"wpb_column vc_col-sm-12\"><input type=\"submit\" value=\"ENVIAR\" class=\"wpcf7-form-control wpcf7-submit\" \/><\/div>\n<div class=\"wpb_column vc_col-sm-12\"><small>Os dados ser\u00e3o recolhidos para gerir a lista de contactos para comunica\u00e7\u00f5es comerciais e atividades promocionais pelo respons\u00e1vel pelo tratamento de dados (localizado na Uni\u00e3o Europeia), PISCINAS NORGALICIA, S.L. (B27302926). Pode consultar informa\u00e7\u00f5es adicionais e detalhadas sobre a Prote\u00e7\u00e3o de Dados na nossa <a href=\"\/politica-de-privacidad\">pol\u00edtica de privacidade<\/a>. Pode consultar, retificar ou eliminar os seus dados contactando o respons\u00e1vel pelo tratamento por e-mail para info@piscinasnorgalicia.com.<\/small><\/div>\n<\/div>\n<div class=\"wpcf7-response-output\" aria-hidden=\"true\"><\/div><\/form><\/div>[\/vc_column_inner][vc_column_inner width=&#8221;1\/6&#8243;][\/vc_column_inner][\/vc_row_inner][\/vc_column][\/vc_row]<\/p>\n","protected":false},"excerpt":{"rendered":"<p>[vc_row full_width=&#8221;stretch_row&#8221; full_height=&#8221;threequarter_row_height&#8221; v_position=&#8221;top&#8221; slider_animation=&#8221;fadeZoom&#8221; css=&#8221;.vc_custom_1488788946529{background-image: url(http:\/\/piscinasnorgalicia.com\/wp-content\/uploads\/2017\/02\/norgalicia-home.jpg?id=4962) !important;background-position: center !important;background-repeat: no-repeat !important;background-size: cover !important;}&#8221; font_color=&#8221;#ffffff&#8221;][vc_column][vc_row_inner css=&#8221;.vc_custom_1474973667872{padding-bottom: 30px !important;}&#8221;][vc_column_inner][vc_column_text] Piscinas Norgalicia Fabricamos piscinas de fibra para toda a Espanha e Portugal [\/vc_column_text][\/vc_column_inner][\/vc_row_inner][vc_row_inner css=&#8221;.vc_custom_1486652839655{padding-top: 0px !important;}&#8221; el_class=&#8221;fila-oculta&#8221;][vc_column_inner width=&#8221;1\/2&#8243; offset=&#8221;vc_col-lg-offset-3 vc_col-lg-3&#8243;][vc_btn title=&#8221;VIEW DEMOS&#8221; style=&#8221;flat&#8221; align=&#8221;center&#8221; button_block=&#8221;true&#8221; link=&#8221;url:%23demos||&#8221;][\/vc_column_inner][vc_column_inner width=&#8221;1\/2&#8243; offset=&#8221;vc_col-lg-3&#8243;][vc_btn title=&#8221;WHY YOU?&#8221; style=&#8221;outline&#8221; color=&#8221;white&#8221; align=&#8221;center&#8221; button_block=&#8221;true&#8221; link=&#8221;url:%23whychooseyou|||&#8221;][\/vc_column_inner][\/vc_row_inner][rowshape type=&#8221;rowshape_6&#8243; position=&#8221;bottom&#8221;<a class=\"read-more\" href=\"https:\/\/piscinasnorgalicia.com\/pt-pt\/\">Continue reading <i class=\"fa fa-angle-right fa-lg\"><\/i><\/a><\/p>\n","protected":false},"author":3,"featured_media":0,"parent":0,"menu_order":0,"comment_status":"closed","ping_status":"closed","template":"","meta":{"_mi_skip_tracking":false},"yoast_head":"<!-- This site is optimized with the Yoast SEO plugin v15.8 - https:\/\/yoast.com\/wordpress\/plugins\/seo\/ -->\n<title>Piscinas Norgalicia - Piscinas de fibra para Espanha e Portugal<\/title>\n<meta name=\"description\" content=\"N\u00f3s fabricamos piscinas de fibra para Espanha e Portugal. N\u00f3s temos a melhor equipe para fazer piscinas da mais alta qualidade a um pre\u00e7o mais competitivo.\" \/>\n<meta name=\"robots\" content=\"index, follow, max-snippet:-1, max-image-preview:large, max-video-preview:-1\" \/>\n<link rel=\"canonical\" href=\"https:\/\/piscinasnorgalicia.com\/pt-pt\/\" \/>\n<meta property=\"og:locale\" content=\"pt_PT\" \/>\n<meta property=\"og:type\" content=\"article\" \/>\n<meta property=\"og:title\" content=\"Piscinas Norgalicia - Piscinas de fibra para Espanha e Portugal\" \/>\n<meta property=\"og:description\" content=\"N\u00f3s fabricamos piscinas de fibra para Espanha e Portugal. N\u00f3s temos a melhor equipe para fazer piscinas da mais alta qualidade a um pre\u00e7o mais competitivo.\" \/>\n<meta property=\"og:url\" content=\"https:\/\/piscinasnorgalicia.com\/pt-pt\/\" \/>\n<meta property=\"og:site_name\" content=\"Piscinas Norgalicia\" \/>\n<meta property=\"article:publisher\" content=\"https:\/\/www.facebook.com\/PiscinasNorgalicia\/\" \/>\n<meta property=\"article:modified_time\" content=\"2025-06-02T08:15:30+00:00\" \/>\n<meta name=\"twitter:card\" content=\"summary\" \/>\n<meta name=\"twitter:site\" content=\"@PisciNorgalicia\" \/>\n<meta name=\"twitter:label1\" content=\"Est. reading time\">\n\t<meta name=\"twitter:data1\" content=\"2 minutos\">\n<script type=\"application\/ld+json\" class=\"yoast-schema-graph\">{\"@context\":\"https:\/\/schema.org\",\"@graph\":[{\"@type\":\"WebSite\",\"@id\":\"https:\/\/piscinasnorgalicia.com\/#website\",\"url\":\"https:\/\/piscinasnorgalicia.com\/\",\"name\":\"Piscinas Norgalicia\",\"description\":\"Fabricaci\\u00f3n de piscinas de poli\\u00e9ster de primera calidad\",\"potentialAction\":[{\"@type\":\"SearchAction\",\"target\":\"https:\/\/piscinasnorgalicia.com\/?s={search_term_string}\",\"query-input\":\"required name=search_term_string\"}],\"inLanguage\":\"pt-PT\"},{\"@type\":\"WebPage\",\"@id\":\"https:\/\/piscinasnorgalicia.com\/pt-pt\/#webpage\",\"url\":\"https:\/\/piscinasnorgalicia.com\/pt-pt\/\",\"name\":\"Piscinas Norgalicia - Piscinas de fibra para Espanha e Portugal\",\"isPartOf\":{\"@id\":\"https:\/\/piscinasnorgalicia.com\/#website\"},\"datePublished\":\"2017-03-20T15:32:15+00:00\",\"dateModified\":\"2025-06-02T08:15:30+00:00\",\"description\":\"N\\u00f3s fabricamos piscinas de fibra para Espanha e Portugal. N\\u00f3s temos a melhor equipe para fazer piscinas da mais alta qualidade a um pre\\u00e7o mais competitivo.\",\"breadcrumb\":{\"@id\":\"https:\/\/piscinasnorgalicia.com\/pt-pt\/#breadcrumb\"},\"inLanguage\":\"pt-PT\",\"potentialAction\":[{\"@type\":\"ReadAction\",\"target\":[\"https:\/\/piscinasnorgalicia.com\/pt-pt\/\"]}]},{\"@type\":\"BreadcrumbList\",\"@id\":\"https:\/\/piscinasnorgalicia.com\/pt-pt\/#breadcrumb\",\"itemListElement\":[{\"@type\":\"ListItem\",\"position\":1,\"item\":{\"@type\":\"WebPage\",\"@id\":\"https:\/\/piscinasnorgalicia.com\/pt-pt\/\",\"url\":\"https:\/\/piscinasnorgalicia.com\/pt-pt\/\",\"name\":\"Portada\"}},{\"@type\":\"ListItem\",\"position\":2,\"item\":{\"@type\":\"WebPage\",\"@id\":\"https:\/\/piscinasnorgalicia.com\/pt-pt\/\",\"url\":\"https:\/\/piscinasnorgalicia.com\/pt-pt\/\",\"name\":\"Inicio PT\"}}]}]}<\/script>\n<!-- \/ Yoast SEO plugin. -->","_links":{"self":[{"href":"https:\/\/piscinasnorgalicia.com\/pt-pt\/wp-json\/wp\/v2\/pages\/5345"}],"collection":[{"href":"https:\/\/piscinasnorgalicia.com\/pt-pt\/wp-json\/wp\/v2\/pages"}],"about":[{"href":"https:\/\/piscinasnorgalicia.com\/pt-pt\/wp-json\/wp\/v2\/types\/page"}],"author":[{"embeddable":true,"href":"https:\/\/piscinasnorgalicia.com\/pt-pt\/wp-json\/wp\/v2\/users\/3"}],"replies":[{"embeddable":true,"href":"https:\/\/piscinasnorgalicia.com\/pt-pt\/wp-json\/wp\/v2\/comments?post=5345"}],"version-history":[{"count":5,"href":"https:\/\/piscinasnorgalicia.com\/pt-pt\/wp-json\/wp\/v2\/pages\/5345\/revisions"}],"predecessor-version":[{"id":5513,"href":"https:\/\/piscinasnorgalicia.com\/pt-pt\/wp-json\/wp\/v2\/pages\/5345\/revisions\/5513"}],"wp:attachment":[{"href":"https:\/\/piscinasnorgalicia.com\/pt-pt\/wp-json\/wp\/v2\/media?parent=5345"}],"curies":[{"name":"wp","href":"https:\/\/api.w.org\/{rel}","templated":true}]}}